{"id":29,"date":"2026-04-18T14:11:55","date_gmt":"2026-04-18T14:11:55","guid":{"rendered":"http:\/\/kidsclub.marcintarka.com\/?page_id=29"},"modified":"2026-04-18T15:50:13","modified_gmt":"2026-04-18T15:50:13","slug":"o-nas","status":"publish","type":"page","link":"http:\/\/kidsclub.marcintarka.com\/","title":{"rendered":"O nas"},"content":{"rendered":"\t\t<div data-elementor-type=\"wp-page\" data-elementor-id=\"29\" class=\"elementor elementor-29\">\n\t\t\t\t\t\t<div class=\"elementor-element elementor-element-cb19f64 e-con e-atomic-element e-div-block-base e-cb19f64-57a27d3\" data-id=\"cb19f64\" data-element_type=\"e-div-block\" data-e-type=\"e-div-block\" data-interaction-id=\"cb19f64\">\n\t\t\t\t\t\t\t\n\t\t<img class=\"e-image-base e-f9b35f9-cb2b725\" \n\t\t\t\t\tdata-interaction-id=\"f9b35f9\" \n\t\t \n\t\t \n\t\t\t\t\t\t\t\t\tid=\"44\"\n\t\t\t\t\t\t\t\t\t\t\t\tsrc=\"https:\/\/kidsclub.marcintarka.com\/wp-content\/uploads\/2026\/04\/PIJ872kE4pYArrjrdjlFtpeq0awKVX73y8bStrcF4ZGyGUbp-DcQZ_TIthxMPgbsqKmL6zhStN8IoOI5q3JYlHvsIK8zpSyxg2Bfoq66r2Sovd04W5spK9azbgrkz7kHSVVWdhxzJroRVtLfV6yAYsmQB2kbfSN_8sshsZhYFYctM-nKPbYIP8ePIff9JRH3.jpg\"\n\t\t\t\t\t\t\t\t\t\t\t\twidth=\"1920\"\n\t\t\t\t\t\t\t\t\t\t\t\theight=\"1282\"\n\t\t\t\t\t\t\t\t\t\t\t\tsrcset=\"https:\/\/kidsclub.marcintarka.com\/wp-content\/uploads\/2026\/04\/PIJ872kE4pYArrjrdjlFtpeq0awKVX73y8bStrcF4ZGyGUbp-DcQZ_TIthxMPgbsqKmL6zhStN8IoOI5q3JYlHvsIK8zpSyxg2Bfoq66r2Sovd04W5spK9azbgrkz7kHSVVWdhxzJroRVtLfV6yAYsmQB2kbfSN_8sshsZhYFYctM-nKPbYIP8ePIff9JRH3.jpg 1920w, https:\/\/kidsclub.marcintarka.com\/wp-content\/uploads\/2026\/04\/PIJ872kE4pYArrjrdjlFtpeq0awKVX73y8bStrcF4ZGyGUbp-DcQZ_TIthxMPgbsqKmL6zhStN8IoOI5q3JYlHvsIK8zpSyxg2Bfoq66r2Sovd04W5spK9azbgrkz7kHSVVWdhxzJroRVtLfV6yAYsmQB2kbfSN_8sshsZhYFYctM-nKPbYIP8ePIff9JRH3-300x200.jpg 300w, https:\/\/kidsclub.marcintarka.com\/wp-content\/uploads\/2026\/04\/PIJ872kE4pYArrjrdjlFtpeq0awKVX73y8bStrcF4ZGyGUbp-DcQZ_TIthxMPgbsqKmL6zhStN8IoOI5q3JYlHvsIK8zpSyxg2Bfoq66r2Sovd04W5spK9azbgrkz7kHSVVWdhxzJroRVtLfV6yAYsmQB2kbfSN_8sshsZhYFYctM-nKPbYIP8ePIff9JRH3-1024x684.jpg 1024w, https:\/\/kidsclub.marcintarka.com\/wp-content\/uploads\/2026\/04\/PIJ872kE4pYArrjrdjlFtpeq0awKVX73y8bStrcF4ZGyGUbp-DcQZ_TIthxMPgbsqKmL6zhStN8IoOI5q3JYlHvsIK8zpSyxg2Bfoq66r2Sovd04W5spK9azbgrkz7kHSVVWdhxzJroRVtLfV6yAYsmQB2kbfSN_8sshsZhYFYctM-nKPbYIP8ePIff9JRH3-768x513.jpg 768w, https:\/\/kidsclub.marcintarka.com\/wp-content\/uploads\/2026\/04\/PIJ872kE4pYArrjrdjlFtpeq0awKVX73y8bStrcF4ZGyGUbp-DcQZ_TIthxMPgbsqKmL6zhStN8IoOI5q3JYlHvsIK8zpSyxg2Bfoq66r2Sovd04W5spK9azbgrkz7kHSVVWdhxzJroRVtLfV6yAYsmQB2kbfSN_8sshsZhYFYctM-nKPbYIP8ePIff9JRH3-1536x1026.jpg 1536w\"\n\t\t\t\t\t\t\t\t\t\t\t\talt=\"\"\n\t\t\t\t\t\t\/>\n\t\t\t<div class=\"elementor-element elementor-element-e0cb8f3 e-grid e-con-full e-con e-parent\" data-id=\"e0cb8f3\" data-element_type=\"container\" data-e-type=\"container\">\n\t\t\t\t<div class=\"elementor-element elementor-element-1128a19 elementor-widget elementor-widget-heading\" data-id=\"1128a19\" data-element_type=\"widget\" data-e-type=\"widget\" data-widget_type=\"heading.default\">\n\t\t\t\t\t<h2 class=\"elementor-heading-title elementor-size-default\">Twoja nazwa\u00a0to nowoczesna sala zabaw i przestrze\u0144 aktywno\u015bci dla dzieci i m\u0142odzie\u017cy.\n\nStworzyli\u015bmy miejsce, kt\u00f3re \u0142\u0105czy ruch, zabaw\u0119 i mo\u017cliwo\u015b\u0107 sp\u0119dzania czasu z r\u00f3wie\u015bnikami w bezpiecznym i przyjaznym \u015brodowisku.\n\u00a0\n\nNasza przestrze\u0144 zosta\u0142a zaprojektowana tak, aby by\u0142a atrakcyjna zar\u00f3wno dla m\u0142odszych dzieci, jak i starszych \u2013 oferuj\u0105c r\u00f3\u017cnorodne formy aktywno\u015bci i rozrywki.\n\nTo idealne miejsce na codzienn\u0105 zabaw\u0119, spotkania ze znajomymi oraz organizacj\u0119 urodzin i wydarze\u0144.<\/h2>\t\t\t\t<\/div>\n\t\t\t\t<div class=\"elementor-element elementor-element-5e73ad0 elementor-widget elementor-widget-image\" data-id=\"5e73ad0\" data-element_type=\"widget\" data-e-type=\"widget\" data-widget_type=\"image.default\">\n\t\t\t\t\t\t\t\t\t\t\t\t\t\t\t<img fetchpriority=\"high\" decoding=\"async\" width=\"768\" height=\"512\" src=\"https:\/\/kidsclub.marcintarka.com\/wp-content\/uploads\/2026\/04\/UmsKa7bHzbS1IL-er8YSSBqUF-mvC9yWU1pX09G_bzFk1WZ4mEGhLGtFnyG8I_4Tnl8zbLcpgmjMpJzJOv7gxlKDdtTdBSG0IJbxz-j8ekhMZdYlG1aFDHzV07zsAtiu0CMJoliF7-5Jv7H4Q4SIG3hw_Kr714f19Ql-VOYRuM4RZxhvvDjB-63xTqFgqNHk.jpg\" class=\"attachment-large size-large wp-image-40\" alt=\"\" srcset=\"https:\/\/kidsclub.marcintarka.com\/wp-content\/uploads\/2026\/04\/UmsKa7bHzbS1IL-er8YSSBqUF-mvC9yWU1pX09G_bzFk1WZ4mEGhLGtFnyG8I_4Tnl8zbLcpgmjMpJzJOv7gxlKDdtTdBSG0IJbxz-j8ekhMZdYlG1aFDHzV07zsAtiu0CMJoliF7-5Jv7H4Q4SIG3hw_Kr714f19Ql-VOYRuM4RZxhvvDjB-63xTqFgqNHk.jpg 768w, https:\/\/kidsclub.marcintarka.com\/wp-content\/uploads\/2026\/04\/UmsKa7bHzbS1IL-er8YSSBqUF-mvC9yWU1pX09G_bzFk1WZ4mEGhLGtFnyG8I_4Tnl8zbLcpgmjMpJzJOv7gxlKDdtTdBSG0IJbxz-j8ekhMZdYlG1aFDHzV07zsAtiu0CMJoliF7-5Jv7H4Q4SIG3hw_Kr714f19Ql-VOYRuM4RZxhvvDjB-63xTqFgqNHk-300x200.jpg 300w\" sizes=\"(max-width: 768px) 100vw, 768px\" \/>\t\t\t\t\t\t\t\t\t\t\t\t\t\t\t<\/div>\n\t\t<div class=\"elementor-element elementor-element-55ac3c9 e-grid e-con-full e-con e-child\" data-id=\"55ac3c9\" data-element_type=\"container\" data-e-type=\"container\">\n\t\t<div class=\"elementor-element elementor-element-af5e9ae e-con-full e-flex e-con e-child\" data-id=\"af5e9ae\" data-element_type=\"container\" data-e-type=\"container\">\n\t\t\t\t<div class=\"elementor-element elementor-element-cace321 elementor-widget elementor-widget-image\" data-id=\"cace321\" data-element_type=\"widget\" data-e-type=\"widget\" data-widget_type=\"image.default\">\n\t\t\t\t\t\t\t\t\t\t\t\t\t\t\t<img decoding=\"async\" width=\"1024\" height=\"683\" src=\"https:\/\/kidsclub.marcintarka.com\/wp-content\/uploads\/2026\/04\/cnPRol21qtUzD-qvNJpzyGx4EhBHEqf2AiQFx7etQp17xG0DcJIm605CakwSD0lkpm4a0Ut2IMIV_5y5k3pEArtiBCl9lWGKhmv5jElingjcdjY9A-nyEcousfVGdOv8B__7NEMdFM5b4o_HyesEYwHyHHyUDPOK8fzZ6UrtXbZaEQutI23Mp4KZ_3Rvr5ce-1024x683.jpg\" class=\"attachment-large size-large wp-image-41\" alt=\"\" srcset=\"https:\/\/kidsclub.marcintarka.com\/wp-content\/uploads\/2026\/04\/cnPRol21qtUzD-qvNJpzyGx4EhBHEqf2AiQFx7etQp17xG0DcJIm605CakwSD0lkpm4a0Ut2IMIV_5y5k3pEArtiBCl9lWGKhmv5jElingjcdjY9A-nyEcousfVGdOv8B__7NEMdFM5b4o_HyesEYwHyHHyUDPOK8fzZ6UrtXbZaEQutI23Mp4KZ_3Rvr5ce-1024x683.jpg 1024w, https:\/\/kidsclub.marcintarka.com\/wp-content\/uploads\/2026\/04\/cnPRol21qtUzD-qvNJpzyGx4EhBHEqf2AiQFx7etQp17xG0DcJIm605CakwSD0lkpm4a0Ut2IMIV_5y5k3pEArtiBCl9lWGKhmv5jElingjcdjY9A-nyEcousfVGdOv8B__7NEMdFM5b4o_HyesEYwHyHHyUDPOK8fzZ6UrtXbZaEQutI23Mp4KZ_3Rvr5ce-300x200.jpg 300w, https:\/\/kidsclub.marcintarka.com\/wp-content\/uploads\/2026\/04\/cnPRol21qtUzD-qvNJpzyGx4EhBHEqf2AiQFx7etQp17xG0DcJIm605CakwSD0lkpm4a0Ut2IMIV_5y5k3pEArtiBCl9lWGKhmv5jElingjcdjY9A-nyEcousfVGdOv8B__7NEMdFM5b4o_HyesEYwHyHHyUDPOK8fzZ6UrtXbZaEQutI23Mp4KZ_3Rvr5ce-768x512.jpg 768w, https:\/\/kidsclub.marcintarka.com\/wp-content\/uploads\/2026\/04\/cnPRol21qtUzD-qvNJpzyGx4EhBHEqf2AiQFx7etQp17xG0DcJIm605CakwSD0lkpm4a0Ut2IMIV_5y5k3pEArtiBCl9lWGKhmv5jElingjcdjY9A-nyEcousfVGdOv8B__7NEMdFM5b4o_HyesEYwHyHHyUDPOK8fzZ6UrtXbZaEQutI23Mp4KZ_3Rvr5ce.jpg 1200w\" sizes=\"(max-width: 1024px) 100vw, 1024px\" \/>\t\t\t\t\t\t\t\t\t\t\t\t\t\t\t<\/div>\n\t\t\t\t<\/div>\n\t\t<div class=\"elementor-element elementor-element-f09c4bf e-con-full e-flex e-con e-child\" data-id=\"f09c4bf\" data-element_type=\"container\" data-e-type=\"container\">\n\t\t\t\t<div class=\"elementor-element elementor-element-515c3ef elementor-widget elementor-widget-image\" data-id=\"515c3ef\" data-element_type=\"widget\" data-e-type=\"widget\" data-widget_type=\"image.default\">\n\t\t\t\t\t\t\t\t\t\t\t\t\t\t\t<img decoding=\"async\" width=\"1024\" height=\"683\" src=\"https:\/\/kidsclub.marcintarka.com\/wp-content\/uploads\/2026\/04\/4pTGPY1IVSEeHwtlxnUXVxfSc6VHR2dE-aj2plquKZJSpv7i6njQp-ITuhpaK27xJ5R-7xkodzC9nfDYm0l4H27-4eXyxQ8c4Y3I-xSlNDzrMXlBhHIIAWCfe3XGqPlNYSRhJaGwOZwoH39iRDvGcFGziolMYa2g2YKl80pt3mI_u6TYV8XxiAy18g0Cz8ku-1024x683.jpg\" class=\"attachment-large size-large wp-image-33\" alt=\"\" srcset=\"https:\/\/kidsclub.marcintarka.com\/wp-content\/uploads\/2026\/04\/4pTGPY1IVSEeHwtlxnUXVxfSc6VHR2dE-aj2plquKZJSpv7i6njQp-ITuhpaK27xJ5R-7xkodzC9nfDYm0l4H27-4eXyxQ8c4Y3I-xSlNDzrMXlBhHIIAWCfe3XGqPlNYSRhJaGwOZwoH39iRDvGcFGziolMYa2g2YKl80pt3mI_u6TYV8XxiAy18g0Cz8ku-1024x683.jpg 1024w, https:\/\/kidsclub.marcintarka.com\/wp-content\/uploads\/2026\/04\/4pTGPY1IVSEeHwtlxnUXVxfSc6VHR2dE-aj2plquKZJSpv7i6njQp-ITuhpaK27xJ5R-7xkodzC9nfDYm0l4H27-4eXyxQ8c4Y3I-xSlNDzrMXlBhHIIAWCfe3XGqPlNYSRhJaGwOZwoH39iRDvGcFGziolMYa2g2YKl80pt3mI_u6TYV8XxiAy18g0Cz8ku-300x200.jpg 300w, https:\/\/kidsclub.marcintarka.com\/wp-content\/uploads\/2026\/04\/4pTGPY1IVSEeHwtlxnUXVxfSc6VHR2dE-aj2plquKZJSpv7i6njQp-ITuhpaK27xJ5R-7xkodzC9nfDYm0l4H27-4eXyxQ8c4Y3I-xSlNDzrMXlBhHIIAWCfe3XGqPlNYSRhJaGwOZwoH39iRDvGcFGziolMYa2g2YKl80pt3mI_u6TYV8XxiAy18g0Cz8ku-768x512.jpg 768w, https:\/\/kidsclub.marcintarka.com\/wp-content\/uploads\/2026\/04\/4pTGPY1IVSEeHwtlxnUXVxfSc6VHR2dE-aj2plquKZJSpv7i6njQp-ITuhpaK27xJ5R-7xkodzC9nfDYm0l4H27-4eXyxQ8c4Y3I-xSlNDzrMXlBhHIIAWCfe3XGqPlNYSRhJaGwOZwoH39iRDvGcFGziolMYa2g2YKl80pt3mI_u6TYV8XxiAy18g0Cz8ku.jpg 1275w\" sizes=\"(max-width: 1024px) 100vw, 1024px\" \/>\t\t\t\t\t\t\t\t\t\t\t\t\t\t\t<\/div>\n\t\t\t\t<\/div>\n\t\t<div class=\"elementor-element elementor-element-ead9092 e-con-full e-flex e-con e-child\" data-id=\"ead9092\" data-element_type=\"container\" data-e-type=\"container\">\n\t\t\t\t<div class=\"elementor-element elementor-element-4f50af7 elementor-widget elementor-widget-image\" data-id=\"4f50af7\" data-element_type=\"widget\" data-e-type=\"widget\" data-widget_type=\"image.default\">\n\t\t\t\t\t\t\t\t\t\t\t\t\t\t\t<img loading=\"lazy\" decoding=\"async\" width=\"800\" height=\"533\" src=\"https:\/\/kidsclub.marcintarka.com\/wp-content\/uploads\/2026\/04\/ICJxBy7Sg-GSjyO2gol10ptECzfUdW3RQYF9Gki0sdoUcjfz2IHQSvPOm1MuUsHHutV3RNQ7DEG21rk6J3lpheFerJ2H7Z8VB-J3W6EA4LIkIkvlxHqsbo-IpLRMEBUqFiUDUN_tFVcteMOEQ2d_Ycc5X_MKYONTL-Kk67qjdO8Q6KGqzQkFAzzDVKHbX_w.jpg\" class=\"attachment-large size-large wp-image-35\" alt=\"\" srcset=\"https:\/\/kidsclub.marcintarka.com\/wp-content\/uploads\/2026\/04\/ICJxBy7Sg-GSjyO2gol10ptECzfUdW3RQYF9Gki0sdoUcjfz2IHQSvPOm1MuUsHHutV3RNQ7DEG21rk6J3lpheFerJ2H7Z8VB-J3W6EA4LIkIkvlxHqsbo-IpLRMEBUqFiUDUN_tFVcteMOEQ2d_Ycc5X_MKYONTL-Kk67qjdO8Q6KGqzQkFAzzDVKHbX_w.jpg 800w, https:\/\/kidsclub.marcintarka.com\/wp-content\/uploads\/2026\/04\/ICJxBy7Sg-GSjyO2gol10ptECzfUdW3RQYF9Gki0sdoUcjfz2IHQSvPOm1MuUsHHutV3RNQ7DEG21rk6J3lpheFerJ2H7Z8VB-J3W6EA4LIkIkvlxHqsbo-IpLRMEBUqFiUDUN_tFVcteMOEQ2d_Ycc5X_MKYONTL-Kk67qjdO8Q6KGqzQkFAzzDVKHbX_w-300x200.jpg 300w, https:\/\/kidsclub.marcintarka.com\/wp-content\/uploads\/2026\/04\/ICJxBy7Sg-GSjyO2gol10ptECzfUdW3RQYF9Gki0sdoUcjfz2IHQSvPOm1MuUsHHutV3RNQ7DEG21rk6J3lpheFerJ2H7Z8VB-J3W6EA4LIkIkvlxHqsbo-IpLRMEBUqFiUDUN_tFVcteMOEQ2d_Ycc5X_MKYONTL-Kk67qjdO8Q6KGqzQkFAzzDVKHbX_w-768x512.jpg 768w\" sizes=\"(max-width: 800px) 100vw, 800px\" \/>\t\t\t\t\t\t\t\t\t\t\t\t\t\t\t<\/div>\n\t\t\t\t<\/div>\n\t\t\t\t<\/div>\n\t\t\t\t<\/div>\n\t\t<div class=\"elementor-element elementor-element-1f30435 e-grid e-con-boxed e-con e-parent\" data-id=\"1f30435\" data-element_type=\"container\" data-e-type=\"container\">\n\t\t\t\t\t<div class=\"e-con-inner\">\n\t\t\t\t<div class=\"elementor-element elementor-element-aec6066 elementor-widget elementor-widget-text-editor\" data-id=\"aec6066\" data-element_type=\"widget\" data-e-type=\"widget\" data-widget_type=\"text-editor.default\">\n\t\t\t\t\t\t\t\t\t<p><span style=\"font-weight: bold;\">Tooja nazwa<\/span>\u00a0to nowoczesna sala zabaw i przestrze\u0144 aktywno\u015bci dla dzieci i m\u0142odzie\u017cy.<\/p><div><span style=\"font-style: inherit; font-weight: inherit;\">Stworzyli\u015bmy miejsce, kt\u00f3re \u0142\u0105czy ruch, zabaw\u0119 i mo\u017cliwo\u015b\u0107 sp\u0119dzania czasu z r\u00f3wie\u015bnikami w bezpiecznym i przyjaznym \u015brodowisku.<\/span><\/div><div><span style=\"font-style: inherit; font-weight: inherit;\">\u00a0<\/span><\/div><div><p>Nasza przestrze\u0144 zosta\u0142a zaprojektowana tak, aby by\u0142a atrakcyjna zar\u00f3wno dla m\u0142odszych dzieci, jak i starszych \u2013 oferuj\u0105c r\u00f3\u017cnorodne formy aktywno\u015bci i rozrywki.<\/p><\/div><div><span style=\"font-style: inherit; font-weight: inherit;\">To idealne miejsce na codzienn\u0105 zabaw\u0119, spotkania ze znajomymi oraz organizacj\u0119 urodzin i wydarze\u0144.<\/span><\/div><p style=\"font-size: 18px; font-style: normal; font-weight: 400;\">\u00a0<\/p>\t\t\t\t\t\t\t\t<\/div>\n\t\t\t\t\t\t\t\n\t\t<img class=\"e-image-base e-32d8382-546ad91\" \n\t\t\t\t\tdata-interaction-id=\"32d8382\" \n\t\t \n\t\t \n\t\t\t\t\t\t\t\t\tid=\"43\"\n\t\t\t\t\t\t\t\t\t\t\t\tsrc=\"https:\/\/kidsclub.marcintarka.com\/wp-content\/uploads\/2026\/04\/ptot86ODSit54wPzbL9Spv1pSexhZEmTSQ0ggTnqMY-hnVbdhX_KwO2BJvKJKqt1SKGQD0nDuMbghIvHG1jb6CoNSZzA55FhLe0lOTGsERIhhr3yVlG3bRoI4F9O7tdhI29hD4oG6uwmUBU5hWCroCbLj1K3-7-HLsijyeXVedAWY3lLDcIZHZTHKC0KBnD4.jpg\"\n\t\t\t\t\t\t\t\t\t\t\t\twidth=\"2048\"\n\t\t\t\t\t\t\t\t\t\t\t\theight=\"1367\"\n\t\t\t\t\t\t\t\t\t\t\t\tsrcset=\"https:\/\/kidsclub.marcintarka.com\/wp-content\/uploads\/2026\/04\/ptot86ODSit54wPzbL9Spv1pSexhZEmTSQ0ggTnqMY-hnVbdhX_KwO2BJvKJKqt1SKGQD0nDuMbghIvHG1jb6CoNSZzA55FhLe0lOTGsERIhhr3yVlG3bRoI4F9O7tdhI29hD4oG6uwmUBU5hWCroCbLj1K3-7-HLsijyeXVedAWY3lLDcIZHZTHKC0KBnD4.jpg 2048w, https:\/\/kidsclub.marcintarka.com\/wp-content\/uploads\/2026\/04\/ptot86ODSit54wPzbL9Spv1pSexhZEmTSQ0ggTnqMY-hnVbdhX_KwO2BJvKJKqt1SKGQD0nDuMbghIvHG1jb6CoNSZzA55FhLe0lOTGsERIhhr3yVlG3bRoI4F9O7tdhI29hD4oG6uwmUBU5hWCroCbLj1K3-7-HLsijyeXVedAWY3lLDcIZHZTHKC0KBnD4-300x200.jpg 300w, https:\/\/kidsclub.marcintarka.com\/wp-content\/uploads\/2026\/04\/ptot86ODSit54wPzbL9Spv1pSexhZEmTSQ0ggTnqMY-hnVbdhX_KwO2BJvKJKqt1SKGQD0nDuMbghIvHG1jb6CoNSZzA55FhLe0lOTGsERIhhr3yVlG3bRoI4F9O7tdhI29hD4oG6uwmUBU5hWCroCbLj1K3-7-HLsijyeXVedAWY3lLDcIZHZTHKC0KBnD4-1024x684.jpg 1024w, https:\/\/kidsclub.marcintarka.com\/wp-content\/uploads\/2026\/04\/ptot86ODSit54wPzbL9Spv1pSexhZEmTSQ0ggTnqMY-hnVbdhX_KwO2BJvKJKqt1SKGQD0nDuMbghIvHG1jb6CoNSZzA55FhLe0lOTGsERIhhr3yVlG3bRoI4F9O7tdhI29hD4oG6uwmUBU5hWCroCbLj1K3-7-HLsijyeXVedAWY3lLDcIZHZTHKC0KBnD4-768x513.jpg 768w, https:\/\/kidsclub.marcintarka.com\/wp-content\/uploads\/2026\/04\/ptot86ODSit54wPzbL9Spv1pSexhZEmTSQ0ggTnqMY-hnVbdhX_KwO2BJvKJKqt1SKGQD0nDuMbghIvHG1jb6CoNSZzA55FhLe0lOTGsERIhhr3yVlG3bRoI4F9O7tdhI29hD4oG6uwmUBU5hWCroCbLj1K3-7-HLsijyeXVedAWY3lLDcIZHZTHKC0KBnD4-1536x1025.jpg 1536w\"\n\t\t\t\t\t\t\t\t\t\t\t\talt=\"\"\n\t\t\t\t\t\t\/>\n\t\t\t\t\t\t\t\t\n\t\t<img class=\"e-image-base \" \n\t\t\t\t\tdata-interaction-id=\"7f9641e\" \n\t\t \n\t\t \n\t\t\t\t\t\t\t\t\tid=\"31\"\n\t\t\t\t\t\t\t\t\t\t\t\tsrc=\"https:\/\/kidsclub.marcintarka.com\/wp-content\/uploads\/2026\/04\/AUqSQRkeJkCCcrM53OWYcAvJamXEGDcR8nQI7QP4wMZyz8Ha4bD42t9t3bqzvS4Hw2swRqu9Sd4CbXb_yMd_Vw7PgJHKFFCHMWmkwuImHe2ldz39YsmUUqaPzWPTrCkVbLEWup4IzwE_DuTK8K9UzGZNvBFBd-jjTJTOl6Y_PUWk1AAckYP2kNYNw7elugv1.jpg\"\n\t\t\t\t\t\t\t\t\t\t\t\twidth=\"768\"\n\t\t\t\t\t\t\t\t\t\t\t\theight=\"346\"\n\t\t\t\t\t\t\t\t\t\t\t\tsrcset=\"https:\/\/kidsclub.marcintarka.com\/wp-content\/uploads\/2026\/04\/AUqSQRkeJkCCcrM53OWYcAvJamXEGDcR8nQI7QP4wMZyz8Ha4bD42t9t3bqzvS4Hw2swRqu9Sd4CbXb_yMd_Vw7PgJHKFFCHMWmkwuImHe2ldz39YsmUUqaPzWPTrCkVbLEWup4IzwE_DuTK8K9UzGZNvBFBd-jjTJTOl6Y_PUWk1AAckYP2kNYNw7elugv1.jpg 768w, https:\/\/kidsclub.marcintarka.com\/wp-content\/uploads\/2026\/04\/AUqSQRkeJkCCcrM53OWYcAvJamXEGDcR8nQI7QP4wMZyz8Ha4bD42t9t3bqzvS4Hw2swRqu9Sd4CbXb_yMd_Vw7PgJHKFFCHMWmkwuImHe2ldz39YsmUUqaPzWPTrCkVbLEWup4IzwE_DuTK8K9UzGZNvBFBd-jjTJTOl6Y_PUWk1AAckYP2kNYNw7elugv1-300x135.jpg 300w\"\n\t\t\t\t\t\t\t\t\t\t\t\talt=\"\"\n\t\t\t\t\t\t\/>\n\t\t\t\t\t<div class=\"elementor-element elementor-element-e84958e elementor-widget elementor-widget-image\" data-id=\"e84958e\" data-element_type=\"widget\" data-e-type=\"widget\" data-widget_type=\"image.default\">\n\t\t\t\t\t\t\t\t\t\t\t\t\t\t\t<img loading=\"lazy\" decoding=\"async\" width=\"800\" height=\"533\" src=\"https:\/\/kidsclub.marcintarka.com\/wp-content\/uploads\/2026\/04\/GET1JUEOZYgtIODpOw6K7kSZqsdUp3Gzn3DuexRjzKW-kI3r1Q6dalRZHguFWF2Xru5TOAmX8kDfkmX5DfpYr2CwEeI07tfx2r0t99A7SRXnguwlsCw88Krf2V3T8SR0TiKcIM72mc8Yu1h3yzXD6a8-HGHCVkGCx85v2er8uddhR-IYHNwQ_hbECbyaWNTT.jpg\" class=\"attachment-large size-large wp-image-42\" alt=\"\" srcset=\"https:\/\/kidsclub.marcintarka.com\/wp-content\/uploads\/2026\/04\/GET1JUEOZYgtIODpOw6K7kSZqsdUp3Gzn3DuexRjzKW-kI3r1Q6dalRZHguFWF2Xru5TOAmX8kDfkmX5DfpYr2CwEeI07tfx2r0t99A7SRXnguwlsCw88Krf2V3T8SR0TiKcIM72mc8Yu1h3yzXD6a8-HGHCVkGCx85v2er8uddhR-IYHNwQ_hbECbyaWNTT.jpg 800w, https:\/\/kidsclub.marcintarka.com\/wp-content\/uploads\/2026\/04\/GET1JUEOZYgtIODpOw6K7kSZqsdUp3Gzn3DuexRjzKW-kI3r1Q6dalRZHguFWF2Xru5TOAmX8kDfkmX5DfpYr2CwEeI07tfx2r0t99A7SRXnguwlsCw88Krf2V3T8SR0TiKcIM72mc8Yu1h3yzXD6a8-HGHCVkGCx85v2er8uddhR-IYHNwQ_hbECbyaWNTT-300x200.jpg 300w, https:\/\/kidsclub.marcintarka.com\/wp-content\/uploads\/2026\/04\/GET1JUEOZYgtIODpOw6K7kSZqsdUp3Gzn3DuexRjzKW-kI3r1Q6dalRZHguFWF2Xru5TOAmX8kDfkmX5DfpYr2CwEeI07tfx2r0t99A7SRXnguwlsCw88Krf2V3T8SR0TiKcIM72mc8Yu1h3yzXD6a8-HGHCVkGCx85v2er8uddhR-IYHNwQ_hbECbyaWNTT-768x512.jpg 768w\" sizes=\"(max-width: 800px) 100vw, 800px\" \/>\t\t\t\t\t\t\t\t\t\t\t\t\t\t\t<\/div>\n\t\t\t\t<div class=\"elementor-element elementor-element-319aa21 elementor-widget elementor-widget-image\" data-id=\"319aa21\" data-element_type=\"widget\" data-e-type=\"widget\" data-widget_type=\"image.default\">\n\t\t\t\t\t\t\t\t\t\t\t\t\t\t\t<img fetchpriority=\"high\" decoding=\"async\" width=\"768\" height=\"512\" src=\"https:\/\/kidsclub.marcintarka.com\/wp-content\/uploads\/2026\/04\/UmsKa7bHzbS1IL-er8YSSBqUF-mvC9yWU1pX09G_bzFk1WZ4mEGhLGtFnyG8I_4Tnl8zbLcpgmjMpJzJOv7gxlKDdtTdBSG0IJbxz-j8ekhMZdYlG1aFDHzV07zsAtiu0CMJoliF7-5Jv7H4Q4SIG3hw_Kr714f19Ql-VOYRuM4RZxhvvDjB-63xTqFgqNHk.jpg\" class=\"attachment-large size-large wp-image-40\" alt=\"\" srcset=\"https:\/\/kidsclub.marcintarka.com\/wp-content\/uploads\/2026\/04\/UmsKa7bHzbS1IL-er8YSSBqUF-mvC9yWU1pX09G_bzFk1WZ4mEGhLGtFnyG8I_4Tnl8zbLcpgmjMpJzJOv7gxlKDdtTdBSG0IJbxz-j8ekhMZdYlG1aFDHzV07zsAtiu0CMJoliF7-5Jv7H4Q4SIG3hw_Kr714f19Ql-VOYRuM4RZxhvvDjB-63xTqFgqNHk.jpg 768w, https:\/\/kidsclub.marcintarka.com\/wp-content\/uploads\/2026\/04\/UmsKa7bHzbS1IL-er8YSSBqUF-mvC9yWU1pX09G_bzFk1WZ4mEGhLGtFnyG8I_4Tnl8zbLcpgmjMpJzJOv7gxlKDdtTdBSG0IJbxz-j8ekhMZdYlG1aFDHzV07zsAtiu0CMJoliF7-5Jv7H4Q4SIG3hw_Kr714f19Ql-VOYRuM4RZxhvvDjB-63xTqFgqNHk-300x200.jpg 300w\" sizes=\"(max-width: 768px) 100vw, 768px\" \/>\t\t\t\t\t\t\t\t\t\t\t\t\t\t\t<\/div>\n\t\t\t\t\t\t\t\n\t\t<img class=\"e-image-base \" \n\t\t\t\t\tdata-interaction-id=\"be04420\" \n\t\t \n\t\t \n\t\t\t\t\t\t\t\t\tid=\"39\"\n\t\t\t\t\t\t\t\t\t\t\t\tsrc=\"https:\/\/kidsclub.marcintarka.com\/wp-content\/uploads\/2026\/04\/tCQDuPNhGkSCZDMc17j80ca-RcGem0dieT0qOpA0sIzJyglIx7WuV3UGXKjv2aIxtZq_fXw-X5p9EyAFXywxajzi73KU299c0Rub-PHaG57Dfz0-U1Slg7eA5sPpviA51GMlnkUPz8pwVqmjx1cLrZ6TqR1P2OfBBdFgijR_lkJkg2yXxcjdGEiVSZClxr6.jpg\"\n\t\t\t\t\t\t\t\t\t\t\t\twidth=\"1024\"\n\t\t\t\t\t\t\t\t\t\t\t\theight=\"1024\"\n\t\t\t\t\t\t\t\t\t\t\t\tsrcset=\"https:\/\/kidsclub.marcintarka.com\/wp-content\/uploads\/2026\/04\/tCQDuPNhGkSCZDMc17j80ca-RcGem0dieT0qOpA0sIzJyglIx7WuV3UGXKjv2aIxtZq_fXw-X5p9EyAFXywxajzi73KU299c0Rub-PHaG57Dfz0-U1Slg7eA5sPpviA51GMlnkUPz8pwVqmjx1cLrZ6TqR1P2OfBBdFgijR_lkJkg2yXxcjdGEiVSZClxr6.jpg 1024w, https:\/\/kidsclub.marcintarka.com\/wp-content\/uploads\/2026\/04\/tCQDuPNhGkSCZDMc17j80ca-RcGem0dieT0qOpA0sIzJyglIx7WuV3UGXKjv2aIxtZq_fXw-X5p9EyAFXywxajzi73KU299c0Rub-PHaG57Dfz0-U1Slg7eA5sPpviA51GMlnkUPz8pwVqmjx1cLrZ6TqR1P2OfBBdFgijR_lkJkg2yXxcjdGEiVSZClxr6-300x300.jpg 300w, https:\/\/kidsclub.marcintarka.com\/wp-content\/uploads\/2026\/04\/tCQDuPNhGkSCZDMc17j80ca-RcGem0dieT0qOpA0sIzJyglIx7WuV3UGXKjv2aIxtZq_fXw-X5p9EyAFXywxajzi73KU299c0Rub-PHaG57Dfz0-U1Slg7eA5sPpviA51GMlnkUPz8pwVqmjx1cLrZ6TqR1P2OfBBdFgijR_lkJkg2yXxcjdGEiVSZClxr6-150x150.jpg 150w, https:\/\/kidsclub.marcintarka.com\/wp-content\/uploads\/2026\/04\/tCQDuPNhGkSCZDMc17j80ca-RcGem0dieT0qOpA0sIzJyglIx7WuV3UGXKjv2aIxtZq_fXw-X5p9EyAFXywxajzi73KU299c0Rub-PHaG57Dfz0-U1Slg7eA5sPpviA51GMlnkUPz8pwVqmjx1cLrZ6TqR1P2OfBBdFgijR_lkJkg2yXxcjdGEiVSZClxr6-768x768.jpg 768w\"\n\t\t\t\t\t\t\t\t\t\t\t\talt=\"\"\n\t\t\t\t\t\t\/>\n\t\t\t\t\t\t<\/div>\n\t\t\t\t<\/div>\n\t\t\t\t<\/div>\n\t\t\t\t<\/div>\n\t\t","protected":false},"excerpt":{"rendered":"<p>Twoja nazwa\u00a0to nowoczesna sala zabaw i przestrze\u0144 aktywno\u015bci dla dzieci i m\u0142odzie\u017cy. Stworzyli\u015bmy miejsce, kt\u00f3re \u0142\u0105czy ruch, zabaw\u0119 i mo\u017cliwo\u015b\u0107 [&hellip;]<\/p>\n","protected":false},"author":1,"featured_media":0,"parent":0,"menu_order":0,"comment_status":"closed","ping_status":"closed","template":"","meta":{"site-sidebar-layout":"no-sidebar","site-content-layout":"","ast-site-content-layout":"full-width-container","site-content-style":"default","site-sidebar-style":"default","ast-global-header-display":"","ast-banner-title-visibility":"","ast-main-header-display":"","ast-hfb-above-header-display":"","ast-hfb-below-header-display":"","ast-hfb-mobile-header-display":"","site-post-title":"disabled","ast-breadcrumbs-content":"","ast-featured-img":"disabled","footer-sml-layout":"","ast-disable-related-posts":"","theme-transparent-header-meta":"","adv-header-id-meta":"","stick-header-meta":"","header-above-stick-meta":"","header-main-stick-meta":"","header-below-stick-meta":"","astra-migrate-meta-layouts":"default","ast-page-background-enabled":"default","ast-page-background-meta":{"desktop":{"background-color":"var(--ast-global-color-5)","background-image":"","background-repeat":"repeat","background-position":"center center","background-size":"auto","background-attachment":"scroll","background-type":"","background-media":"","overlay-type":"","overlay-color":"","overlay-opacity":"","overlay-gradient":""},"tablet":{"background-color":"","background-image":"","background-repeat":"repeat","background-position":"center center","background-size":"auto","background-attachment":"scroll","background-type":"","background-media":"","overlay-type":"","overlay-color":"","overlay-opacity":"","overlay-gradient":""},"mobile":{"background-color":"","background-image":"","background-repeat":"repeat","background-position":"center center","background-size":"auto","background-attachment":"scroll","background-type":"","background-media":"","overlay-type":"","overlay-color":"","overlay-opacity":"","overlay-gradient":""}},"ast-content-background-meta":{"desktop":{"background-color":"var(--ast-global-color-4)","background-image":"","background-repeat":"repeat","background-position":"center center","background-size":"auto","background-attachment":"scroll","background-type":"","background-media":"","overlay-type":"","overlay-color":"","overlay-opacity":"","overlay-gradient":""},"tablet":{"background-color":"var(--ast-global-color-4)","background-image":"","background-repeat":"repeat","background-position":"center center","background-size":"auto","background-attachment":"scroll","background-type":"","background-media":"","overlay-type":"","overlay-color":"","overlay-opacity":"","overlay-gradient":""},"mobile":{"background-color":"var(--ast-global-color-4)","background-image":"","background-repeat":"repeat","background-position":"center center","background-size":"auto","background-attachment":"scroll","background-type":"","background-media":"","overlay-type":"","overlay-color":"","overlay-opacity":"","overlay-gradient":""}},"footnotes":""},"class_list":["post-29","page","type-page","status-publish","hentry"],"_links":{"self":[{"href":"https:\/\/kidsclub.marcintarka.com\/index.php\/wp-json\/wp\/v2\/pages\/29","targetHints":{"allow":["GET"]}}],"collection":[{"href":"https:\/\/kidsclub.marcintarka.com\/index.php\/wp-json\/wp\/v2\/pages"}],"about":[{"href":"https:\/\/kidsclub.marcintarka.com\/index.php\/wp-json\/wp\/v2\/types\/page"}],"author":[{"embeddable":true,"href":"https:\/\/kidsclub.marcintarka.com\/index.php\/wp-json\/wp\/v2\/users\/1"}],"replies":[{"embeddable":true,"href":"https:\/\/kidsclub.marcintarka.com\/index.php\/wp-json\/wp\/v2\/comments?post=29"}],"version-history":[{"count":13,"href":"https:\/\/kidsclub.marcintarka.com\/index.php\/wp-json\/wp\/v2\/pages\/29\/revisions"}],"predecessor-version":[{"id":89,"href":"https:\/\/kidsclub.marcintarka.com\/index.php\/wp-json\/wp\/v2\/pages\/29\/revisions\/89"}],"wp:attachment":[{"href":"https:\/\/kidsclub.marcintarka.com\/index.php\/wp-json\/wp\/v2\/media?parent=29"}],"curies":[{"name":"wp","href":"https:\/\/api.w.org\/{rel}","templated":true}]}}