{"id":56,"date":"2026-04-18T14:32:37","date_gmt":"2026-04-18T14:32:37","guid":{"rendered":"http:\/\/kidsclub.marcintarka.com\/?page_id=56"},"modified":"2026-04-18T17:10:47","modified_gmt":"2026-04-18T17:10:47","slug":"o-nas-2","status":"publish","type":"page","link":"http:\/\/kidsclub.marcintarka.com\/index.php\/cs\/o-nas-2\/","title":{"rendered":"O n\u00e1s"},"content":{"rendered":"\t\t<div data-elementor-type=\"wp-page\" data-elementor-id=\"56\" class=\"elementor elementor-56\">\n\t\t\t\t<div class=\"elementor-element elementor-element-3e28226e e-flex e-con-boxed e-con e-parent\" data-id=\"3e28226e\" data-element_type=\"container\" data-e-type=\"container\">\n\t\t\t\t\t<div class=\"e-con-inner\">\n\t\t\t\t\t<\/div>\n\t\t\t\t<\/div>\n\t\t<div class=\"elementor-element elementor-element-d6bc6bb e-flex e-con-boxed e-con e-parent\" data-id=\"d6bc6bb\" data-element_type=\"container\" data-e-type=\"container\">\n\t\t\t\t\t<div class=\"e-con-inner\">\n\t\t\t\t<div class=\"elementor-element elementor-element-171c992 elementor-widget elementor-widget-html\" data-id=\"171c992\" data-element_type=\"widget\" data-e-type=\"widget\" data-widget_type=\"html.default\">\n\t\t\t\t\t<section style=\"max-width:1280px;margin:0 auto;padding:70px 20px 100px 20px;font-family:Arial,sans-serif;color:#111827;\">\r\n\r\n  <!-- INTRO -->\r\n  <div style=\"text-align:center;max-width:980px;margin:0 auto 60px auto;\">\r\n    <div style=\"display:inline-block;padding:9px 18px;border-radius:999px;background:#eef2ff;color:#4f46e5;font-size:14px;font-weight:700;margin-bottom:18px;\">\r\n      O n\u00e1s\r\n    <\/div>\r\n\r\n    <h2 style=\"font-size:48px;line-height:1.12;margin:0 0 20px 0;\">\r\n      M\u00edsto, kde m\u00e1 z\u00e1bava energii,<br>a d\u011bti se cht\u011bj\u00ed vracet\r\n    <\/h2>\r\n\r\n    <p style=\"font-size:20px;line-height:1.9;color:#4b5563;margin:0;\">\r\n      <strong>twoja nazwa<\/strong> je modern\u00ed prostor pro z\u00e1bavu a aktivn\u00ed tr\u00e1ven\u00ed \u010dasu,\r\n      vytvo\u0159en\u00fd pro d\u011bti, kter\u00e9 cht\u011bj\u00ed v\u00edc ne\u017e jen oby\u010dejn\u00e9 atrakce. Je to m\u00edsto,\r\n      kde se spojuje pohyb, radost a spole\u010dn\u00e9 chv\u00edle \u2013 jak pro men\u0161\u00ed d\u011bti,\r\n      tak pro star\u0161\u00ed, kter\u00e9 u\u017e hledaj\u00ed n\u011bco dynami\u010dt\u011bj\u0161\u00edho a zaj\u00edmav\u011bj\u0161\u00edho.\r\n    <\/p>\r\n  <\/div>\r\n\r\n  <!-- HERO IMAGE -->\r\n  <div style=\"margin-bottom:26px;border-radius:28px;overflow:hidden;box-shadow:0 25px 60px rgba(0,0,0,0.16);\">\r\n    <img decoding=\"async\"\r\n      src=\"https:\/\/images.unsplash.com\/photo-1516627145497-ae6968895b74?auto=format&fit=crop&w=1600&q=80\"\r\n      alt=\"Modern\u00ed prostor pro d\u011btskou z\u00e1bavu\"\r\n      style=\"width:100%;height:560px;object-fit:cover;\"\r\n    >\r\n  <\/div>\r\n\r\n  <!-- IMAGE STRIP -->\r\n  <div style=\"display:flex;flex-wrap:wrap;gap:18px;margin-bottom:60px;\">\r\n    <img decoding=\"async\" src=\"https:\/\/images.unsplash.com\/photo-1588072432836-e10032774350?auto=format&fit=crop&w=900&q=80\"\r\n         style=\"flex:1 1 30%;min-width:260px;height:240px;object-fit:cover;border-radius:18px;\">\r\n    <img decoding=\"async\" src=\"https:\/\/images.unsplash.com\/photo-1515488042361-ee00e0ddd4e4?auto=format&fit=crop&w=900&q=80\"\r\n         style=\"flex:1 1 30%;min-width:260px;height:240px;object-fit:cover;border-radius:18px;\">\r\n    <img decoding=\"async\" src=\"https:\/\/images.unsplash.com\/photo-1503454537195-1dcabb73ffb9?auto=format&fit=crop&w=900&q=80\"\r\n         style=\"flex:1 1 30%;min-width:260px;height:240px;object-fit:cover;border-radius:18px;\">\r\n  <\/div>\r\n\r\n  <!-- CONTENT -->\r\n  <div style=\"display:flex;flex-wrap:wrap;gap:36px;margin-bottom:34px;\">\r\n    \r\n    <div style=\"flex:1 1 470px;background:#ffffff;border:1px solid #e5e7eb;border-radius:24px;padding:36px;\">\r\n      <h3 style=\"font-size:32px;margin-bottom:18px;\">Pro men\u0161\u00ed i star\u0161\u00ed d\u011bti<\/h3>\r\n      <p style=\"font-size:17px;line-height:1.9;color:#374151;\">\r\n        V\u00edme, \u017ee d\u011bti rychle rostou a jejich pot\u0159eby se m\u011bn\u00ed. Proto jsme vytvo\u0159ili prostor,\r\n        kter\u00fd bav\u00ed nejen ty nejmen\u0161\u00ed, ale i star\u0161\u00ed d\u011bti, kter\u00e9 pot\u0159ebuj\u00ed v\u00edce pohybu,\r\n        v\u00edce volnosti a dynami\u010dt\u011bj\u0161\u00ed z\u00e1bavu.\r\n      <\/p>\r\n      <p style=\"font-size:17px;line-height:1.9;color:#374151;\">\r\n        <strong>twoja nazwa<\/strong> nen\u00ed m\u00edsto, ze kter\u00e9ho d\u011bti \u201evyrostou\u201c \u2014\r\n        naopak, je to prostor, kam se r\u00e1dy vrac\u00ed.\r\n      <\/p>\r\n    <\/div>\r\n\r\n    <div style=\"flex:1 1 470px;display:flex;flex-direction:column;gap:20px;\">\r\n      <img decoding=\"async\" src=\"https:\/\/images.unsplash.com\/photo-1526634332515-d56c5fd16991?auto=format&fit=crop&w=1200&q=80\"\r\n           style=\"width:100%;height:260px;object-fit:cover;border-radius:24px;\">\r\n      <img decoding=\"async\" src=\"https:\/\/images.unsplash.com\/photo-1516627145497-ae6968895b74?auto=format&fit=crop&w=1200&q=80\"\r\n           style=\"width:100%;height:260px;object-fit:cover;border-radius:24px;\">\r\n    <\/div>\r\n\r\n  <\/div>\r\n\r\n  <!-- DARK BLOCK -->\r\n  <div style=\"background:linear-gradient(135deg,#111827,#1f2937);border-radius:26px;padding:42px;margin:50px 0;color:#fff;\">\r\n    <h3 style=\"font-size:36px;margin-bottom:16px;\">\r\n      Chceme, aby d\u011bti chodily s radost\u00ed\r\n    <\/h3>\r\n    <p style=\"font-size:18px;line-height:1.9;color:rgba(255,255,255,0.9);\">\r\n      Proto kombinujeme modern\u00ed prost\u0159ed\u00ed, pohyb a skv\u011blou atmosf\u00e9ru.\r\n      <strong>twoja nazwa<\/strong> nen\u00ed jen herna \u2013 je to m\u00edsto setk\u00e1v\u00e1n\u00ed,\r\n      z\u00e1\u017eitk\u016f a radosti.\r\n    <\/p>\r\n  <\/div>\r\n\r\n  <!-- FEATURES -->\r\n  <div style=\"display:flex;flex-wrap:wrap;gap:24px;margin-bottom:40px;\">\r\n    <div style=\"flex:1 1 260px;background:#fff;padding:28px;border-radius:20px;\">\r\n      <h4>Modern\u00ed prostor<\/h4>\r\n      <p>\u010cist\u00fd design a p\u0159\u00edjemn\u00e1 atmosf\u00e9ra.<\/p>\r\n    <\/div>\r\n    <div style=\"flex:1 1 260px;background:#fff;padding:28px;border-radius:20px;\">\r\n      <h4>Pohyb a energie<\/h4>\r\n      <p>Z\u00e1bava, kter\u00e1 bav\u00ed a h\u00fdbe.<\/p>\r\n    <\/div>\r\n    <div style=\"flex:1 1 260px;background:#fff;padding:28px;border-radius:20px;\">\r\n      <h4>Pro v\u0161echny v\u011bkov\u00e9 skupiny<\/h4>\r\n      <p>Z\u00e1bava pro mal\u00e9 i v\u011bt\u0161\u00ed d\u011bti.<\/p>\r\n    <\/div>\r\n  <\/div>\r\n\r\n  <!-- FINAL IMAGE -->\r\n  <div style=\"margin:50px 0;border-radius:28px;overflow:hidden;\">\r\n    <img decoding=\"async\" src=\"https:\/\/images.unsplash.com\/photo-1509062522246-3755977927d7?auto=format&fit=crop&w=1600&q=80\"\r\n         style=\"width:100%;height:460px;object-fit:cover;\">\r\n  <\/div>\r\n\r\n  <!-- CTA -->\r\n  <div style=\"text-align:center;\">\r\n    <a href=\"\/index.php\/cs\/nabidka\/\" style=\"background:#111827;color:#fff;padding:14px 26px;border-radius:999px;text-decoration:none;font-weight:700;\">\r\n      Zobrazit nab\u00eddku\r\n    <\/a>\r\n    <a href=\"\/index.php\/cs\/kontakt-2\/\" style=\"background:#8b5cf6;color:#fff;padding:14px 26px;border-radius:999px;text-decoration:none;font-weight:700;\">\r\n      Kontaktujte n\u00e1s\r\n    <\/a>\r\n  <\/div>\r\n\r\n<\/section>\t\t\t\t<\/div>\n\t\t\t\t\t<\/div>\n\t\t\t\t<\/div>\n\t\t\t\t<\/div>\n\t\t","protected":false},"excerpt":{"rendered":"<p>O n\u00e1s M\u00edsto, kde m\u00e1 z\u00e1bava energii,a d\u011bti se cht\u011bj\u00ed vracet twoja nazwa je modern\u00ed prostor pro z\u00e1bavu a aktivn\u00ed [&hellip;]<\/p>\n","protected":false},"author":1,"featured_media":0,"parent":0,"menu_order":0,"comment_status":"closed","ping_status":"closed","template":"","meta":{"site-sidebar-layout":"no-sidebar","site-content-layout":"","ast-site-content-layout":"full-width-container","site-content-style":"default","site-sidebar-style":"default","ast-global-header-display":"","ast-banner-title-visibility":"","ast-main-header-display":"","ast-hfb-above-header-display":"","ast-hfb-below-header-display":"","ast-hfb-mobile-header-display":"","site-post-title":"disabled","ast-breadcrumbs-content":"","ast-featured-img":"disabled","footer-sml-layout":"","ast-disable-related-posts":"","theme-transparent-header-meta":"","adv-header-id-meta":"","stick-header-meta":"","header-above-stick-meta":"","header-main-stick-meta":"","header-below-stick-meta":"","astra-migrate-meta-layouts":"default","ast-page-background-enabled":"default","ast-page-background-meta":{"desktop":{"background-color":"var(--ast-global-color-5)","background-image":"","background-repeat":"repeat","background-position":"center center","background-size":"auto","background-attachment":"scroll","background-type":"","background-media":"","overlay-type":"","overlay-color":"","overlay-opacity":"","overlay-gradient":""},"tablet":{"background-color":"","background-image":"","background-repeat":"repeat","background-position":"center center","background-size":"auto","background-attachment":"scroll","background-type":"","background-media":"","overlay-type":"","overlay-color":"","overlay-opacity":"","overlay-gradient":""},"mobile":{"background-color":"","background-image":"","background-repeat":"repeat","background-position":"center center","background-size":"auto","background-attachment":"scroll","background-type":"","background-media":"","overlay-type":"","overlay-color":"","overlay-opacity":"","overlay-gradient":""}},"ast-content-background-meta":{"desktop":{"background-color":"var(--ast-global-color-4)","background-image":"","background-repeat":"repeat","background-position":"center center","background-size":"auto","background-attachment":"scroll","background-type":"","background-media":"","overlay-type":"","overlay-color":"","overlay-opacity":"","overlay-gradient":""},"tablet":{"background-color":"var(--ast-global-color-4)","background-image":"","background-repeat":"repeat","background-position":"center center","background-size":"auto","background-attachment":"scroll","background-type":"","background-media":"","overlay-type":"","overlay-color":"","overlay-opacity":"","overlay-gradient":""},"mobile":{"background-color":"var(--ast-global-color-4)","background-image":"","background-repeat":"repeat","background-position":"center center","background-size":"auto","background-attachment":"scroll","background-type":"","background-media":"","overlay-type":"","overlay-color":"","overlay-opacity":"","overlay-gradient":""}},"footnotes":""},"class_list":["post-56","page","type-page","status-publish","hentry"],"_links":{"self":[{"href":"http:\/\/kidsclub.marcintarka.com\/index.php\/wp-json\/wp\/v2\/pages\/56","targetHints":{"allow":["GET"]}}],"collection":[{"href":"http:\/\/kidsclub.marcintarka.com\/index.php\/wp-json\/wp\/v2\/pages"}],"about":[{"href":"http:\/\/kidsclub.marcintarka.com\/index.php\/wp-json\/wp\/v2\/types\/page"}],"author":[{"embeddable":true,"href":"http:\/\/kidsclub.marcintarka.com\/index.php\/wp-json\/wp\/v2\/users\/1"}],"replies":[{"embeddable":true,"href":"http:\/\/kidsclub.marcintarka.com\/index.php\/wp-json\/wp\/v2\/comments?post=56"}],"version-history":[{"count":7,"href":"http:\/\/kidsclub.marcintarka.com\/index.php\/wp-json\/wp\/v2\/pages\/56\/revisions"}],"predecessor-version":[{"id":166,"href":"http:\/\/kidsclub.marcintarka.com\/index.php\/wp-json\/wp\/v2\/pages\/56\/revisions\/166"}],"wp:attachment":[{"href":"http:\/\/kidsclub.marcintarka.com\/index.php\/wp-json\/wp\/v2\/media?parent=56"}],"curies":[{"name":"wp","href":"https:\/\/api.w.org\/{rel}","templated":true}]}}